{"id":38,"date":"2021-07-08T21:49:32","date_gmt":"2021-07-08T19:49:32","guid":{"rendered":"https:\/\/feuerwehr-garbenheim.de\/?page_id=38"},"modified":"2023-02-10T14:43:58","modified_gmt":"2023-02-10T13:43:58","slug":"impressum-2","status":"publish","type":"page","link":"https:\/\/feuerwehr-garbenheim.de\/?page_id=38","title":{"rendered":"Impressum"},"content":{"rendered":"\n<p><strong>Feuerwehrverein der Freiwilligen&nbsp;<\/strong><strong>Feuerwehr Wetzlar-Garbenheim e.V.<\/strong><\/p>\n\n\n\n<p><strong>Bahnhofstra\u00dfe 4<\/strong><\/p>\n\n\n\n<p><strong>35583 Wetzlar-Garbenheim<\/strong><\/p>\n\n\n\n<p><strong>Tel.: 06441\/48441<\/strong><\/p>\n\n\n\n<p><strong>Vereinsregister Wetzlar 1475<\/strong><\/p>\n\n\n\n<p>Stand der Aktualisierungen : 08.07.2021<\/p>\n\n\n\n<p>Kontaktadresse:<\/p>\n\n\n\n<p><a href=\"https:\/\/web.archive.org\/web\/20190506093647\/mailto:administrator@feuerwehr-garbenheim.de\">webmaster (at) feuerwehr-garbenheim.de<\/a><\/p>\n\n\n\n<p>Ansprechpartner \/ Beauftragter des Feuerwehrvereins :<\/p>\n\n\n\n<p><a href=\"https:\/\/web.archive.org\/web\/20190506093647\/http:\/\/www.feuerwehr-garbenheim.de\/kontakt.html\">Ralf Lautz, Stv.Wehrf\u00fchrer<\/a><\/p>\n\n\n\n<p><strong><u>Haftungsausschluss<\/u><\/strong><\/p>\n\n\n\n<p>Die Freiwillige Feuerwehr Wetzlar-Garbenheim verfolgt mit der Internetpr\u00e4senz keine kommerziellen Interessen und ist stets um Neutralit\u00e4t und die Achtung der Pers\u00f6nlichkeitsrechte bem\u00fcht.<\/p>\n\n\n\n<p>Sollten Sie dennoch Beanstandungen an Form und Inhalt der Internetpr\u00e4senz haben, so bitten wir um umgehende Kontaktaufnahme mit uns, um ggf. \u00c4nderungen durchf\u00fchren zu k\u00f6nnen.&nbsp;&nbsp;&nbsp;<\/p>\n\n\n\n<p><br><strong>1. Inhalt des Onlineangebotes<\/strong><br>Die Freiwillige Feuerwehr Wetzlar-Garbenheim und deren Beauftragter f\u00fcr die Pflege der Internetpr\u00e4senz (nachfolgend \u201eBeauftragter\u201c genannt) \u00fcbernehmen keinerlei Gew\u00e4hr f\u00fcr die Aktualit\u00e4t, Korrektheit, Vollst\u00e4ndigkeit oder Qualit\u00e4t der bereitgestellten Informationen. Haftungsanspr\u00fcche gegen die Freiwillige Feuerwehr Wetzlar-Garbenheim und deren Beauftragten, welche sich auf Sch\u00e4den materieller oder ideeller Art beziehen, die durch die Nutzung oder Nichtnutzung der dargebotenen Informationen bzw. durch die Nutzung fehlerhafter und unvollst\u00e4ndiger Informationen verursacht wurden, sind grunds\u00e4tzlich ausgeschlossen, sofern seitens des Beauftragten kein nachweislich vors\u00e4tzliches oder grob fahrl\u00e4ssiges Verschulden vorliegt. Alle Angebote sind freibleibend und unverbindlich. Der Beauftragte beh\u00e4lt es sich ausdr\u00fccklich vor \u2013nach Aufforderung durch die Freiwillige Feuerwehr Wetzlar-Garbenheim- Teile der Seiten oder das gesamte Angebot ohne gesonderte Ank\u00fcndigung zu ver\u00e4ndern, zu erg\u00e4nzen, zu l\u00f6schen oder die Ver\u00f6ffentlichung zeitweise oder endg\u00fcltig einzustellen.<br><br><strong>2. Verweise und Links<\/strong><br>Bei direkten oder indirekten Verweisen auf fremde Webseiten, die au\u00dferhalb des Verantwortungsbereiches des Beauftragten liegen, w\u00fcrde eine Haftungsverpflichtung ausschlie\u00dflich in dem Fall in Kraft treten, in dem der Beauftragte von den Inhalten Kenntnis hat und es ihm technisch m\u00f6glich und zumutbar w\u00e4re, die Nutzung im Falle rechtswidriger Inhalte zu verhindern. Der Beauftragte erkl\u00e4rt hiermit ausdr\u00fccklich, dass zum Zeitpunkt der Linksetzung keine illegalen Inhalte auf den zu verlinkenden Seiten erkennbar waren. Auf die aktuelle und zuk\u00fcnftige Gestaltung, die Inhalte oder die Urheberschaft der verlinkten\/verkn\u00fcpften Seiten hat der Beauftragte keinerlei Einfluss. Deshalb distanziert sich die Freiwillige Feuerwehr Wetzlar-Garbenheim sowie deren Beauftragter hiermit ausdr\u00fccklich von allen Inhalten aller verlinkten \/verkn\u00fcpften Seiten, die nach der Linksetzung ver\u00e4ndert wurden. Diese Feststellung gilt f\u00fcr alle innerhalb des eigenen Internetangebotes gesetzten Links und Verweise sowie f\u00fcr Fremdeintr\u00e4ge in ggf. vom Beauftragten eingerichteten G\u00e4steb\u00fcchern, Diskussionsforen, Linkverzeichnissen, Mailinglisten und in allen anderen Formen von Datenbanken, auf deren Inhalt externe Schreibzugriffe m\u00f6glich sind. F\u00fcr illegale, fehlerhafte oder unvollst\u00e4ndige Inhalte und insbesondere f\u00fcr Sch\u00e4den, die aus der Nutzung oder Nichtnutzung solcherart dargebotener Informationen entstehen, haftet allein der Anbieter der Seite, auf welche verwiesen wurde, nicht derjenige, der \u00fcber Links auf die jeweilige Ver\u00f6ffentlichung lediglich verweist.<br><br><strong>3. Urheber- und Kennzeichenrecht<\/strong><br>Der Beauftragte ist bestrebt, in allen Publikationen die Urheberrechte der verwendeten Grafiken, Tondokumente, Videosequenzen und Texte zu beachten, von ihm selbst erstellte Grafiken, Tondokumente, Videosequenzen und Texte zu nutzen oder auf lizenzfreie Grafiken, Tondokumente, Videosequenzen und Texte zur\u00fcckzugreifen. Alle innerhalb des Internetangebotes genannten und ggf. durch Dritte gesch\u00fctzten Marken- und Warenzeichen unterliegen uneingeschr\u00e4nkt den Bestimmungen des jeweils g\u00fcltigen Kennzeichenrechts und den Besitzrechten der jeweiligen eingetragenen Eigent\u00fcmer. Allein aufgrund der blo\u00dfen Nennung ist nicht der Schluss zu ziehen, dass Markenzeichen nicht durch Rechte Dritter gesch\u00fctzt sind! Das Copyright f\u00fcr ver\u00f6ffentlichte, vom Beauftragten selbst erstellte Objekte bleibt allein bei der Freiwilligen Feuerwehr Wetzlar-Garbenheim. &nbsp;Eine Vervielf\u00e4ltigung oder Verwendung solcher Grafiken, Tondokumente, Videosequenzen und Texte in anderen elektronischen oder gedruckten Publikationen ist ohne ausdr\u00fcckliche Zustimmung der Freiwilligen Feuerwehr Wetzlar-Garbenheim nicht gestattet.&nbsp;&nbsp;<br><br><strong>4. Rechtswirksamkeit dieses Haftungsausschlusses<\/strong><br>Dieser Haftungsausschluss ist als Teil des Internetangebotes zu betrachten, von dem aus auf diese Seite verwiesen wurde. Sofern Teile oder einzelne Formulierungen dieses Textes der geltenden Rechtslage nicht, nicht mehr oder nicht vollst\u00e4ndig entsprechen sollten, bleiben die \u00fcbrigen Teile des Dokumentes in ihrem Inhalt und ihrer G\u00fcltigkeit davon unber\u00fchrt.<\/p>\n\n\n\n<p><strong>5. Datenschutzhinweis<\/strong><\/p>\n\n\n\n<p>Der Datenschutzhinweis ist zwecks jederzeitiger leichter Erreichbarkeit seit 25.05.2018 direkt \u00fcber das Hauptmen\u00fc erreichbar.&nbsp;&nbsp;<\/p>\n","protected":false},"excerpt":{"rendered":"<p>Feuerwehrverein der Freiwilligen&nbsp;Feuerwehr Wetzlar-Garbenheim e.V. Bahnhofstra\u00dfe 4 35583 Wetzlar-Garbenheim Tel.: 06441\/48441 Vereinsregister Wetzlar 1475 Stand der Aktualisierungen : 08.07.2021 Kontaktadresse: webmaster (at) feuerwehr-garbenheim.de Ansprechpartner \/ Beauftragter des Feuerwehrvereins : Ralf [&hellip;]<\/p>\n","protected":false},"author":1,"featured_media":0,"parent":0,"menu_order":0,"comment_status":"closed","ping_status":"closed","template":"","meta":{"footnotes":""},"class_list":["post-38","page","type-page","status-publish","hentry"],"_links":{"self":[{"href":"https:\/\/feuerwehr-garbenheim.de\/index.php?rest_route=\/wp\/v2\/pages\/38","targetHints":{"allow":["GET"]}}],"collection":[{"href":"https:\/\/feuerwehr-garbenheim.de\/index.php?rest_route=\/wp\/v2\/pages"}],"about":[{"href":"https:\/\/feuerwehr-garbenheim.de\/index.php?rest_route=\/wp\/v2\/types\/page"}],"author":[{"embeddable":true,"href":"https:\/\/feuerwehr-garbenheim.de\/index.php?rest_route=\/wp\/v2\/users\/1"}],"replies":[{"embeddable":true,"href":"https:\/\/feuerwehr-garbenheim.de\/index.php?rest_route=%2Fwp%2Fv2%2Fcomments&post=38"}],"version-history":[{"count":2,"href":"https:\/\/feuerwehr-garbenheim.de\/index.php?rest_route=\/wp\/v2\/pages\/38\/revisions"}],"predecessor-version":[{"id":40,"href":"https:\/\/feuerwehr-garbenheim.de\/index.php?rest_route=\/wp\/v2\/pages\/38\/revisions\/40"}],"wp:attachment":[{"href":"https:\/\/feuerwehr-garbenheim.de\/index.php?rest_route=%2Fwp%2Fv2%2Fmedia&parent=38"}],"curies":[{"name":"wp","href":"https:\/\/api.w.org\/{rel}","templated":true}]}}